{"id":2488,"date":"2023-02-26T23:35:16","date_gmt":"2023-02-26T23:35:16","guid":{"rendered":"https:\/\/jedivorce.ca\/required-documents\/"},"modified":"2023-03-10T13:20:11","modified_gmt":"2023-03-10T13:20:11","slug":"documents-requis","status":"publish","type":"page","link":"https:\/\/jedivorce.ca\/fr\/documents-requis\/","title":{"rendered":"Documents requis"},"content":{"rendered":"<div class=\"fusion-fullwidth fullwidth-box fusion-builder-row-1 fusion-flex-container has-pattern-background nonhundred-percent-fullwidth non-hundred-percent-height-scrolling\" style=\"--awb-background-position:left top;--awb-border-sizes-top:0px;--awb-border-sizes-bottom:0px;--awb-border-sizes-left:0px;--awb-border-sizes-right:0px;--awb-border-radius-top-left:0px;--awb-border-radius-top-right:0px;--awb-border-radius-bottom-right:0px;--awb-border-radius-bottom-left:0px;--awb-padding-top:130px;--awb-padding-bottom:130px;--awb-padding-top-medium:90px;--awb-padding-bottom-medium:90px;--awb-padding-top-small:70px;--awb-padding-bottom-small:80px;--awb-margin-bottom-medium:0px;--awb-background-color:var(--awb-color1);--awb-flex-wrap:wrap;\" ><div class=\"fusion-builder-row fusion-row fusion-flex-align-items-center fusion-flex-justify-content-center fusion-flex-content-wrap\" style=\"max-width:calc( 1200px + 80px );margin-left: calc(-80px \/ 2 );margin-right: calc(-80px \/ 2 );\"><div class=\"fusion-layout-column fusion_builder_column fusion-builder-column-0 fusion-flex-column fusion-animated\" style=\"--awb-padding-bottom-medium:0px;--awb-bg-size:cover;--awb-width-large:45%;--awb-margin-top-large:0px;--awb-spacing-right-large:calc( 0.04 * calc( 100% - 80px ) );--awb-margin-bottom-large:0px;--awb-spacing-left-large:40px;--awb-width-medium:40%;--awb-order-medium:0;--awb-spacing-right-medium:calc( 0.045 * calc( 100% - 80px ) );--awb-spacing-left-medium:40px;--awb-width-small:100%;--awb-order-small:0;--awb-spacing-right-small:calc( 0.018 * calc( 100% - 80px ) );--awb-margin-bottom-small:50px;--awb-spacing-left-small:40px;\" data-animationType=\"fadeInLeft\" data-animationDuration=\"1.3\" data-animationOffset=\"top-into-view\"><div class=\"fusion-column-wrapper fusion-column-has-shadow fusion-flex-justify-content-flex-start fusion-content-layout-column\"><div class=\"fusion-title title fusion-title-1 fusion-sep-none fusion-title-text fusion-title-size-div\" style=\"--awb-text-color:var(--awb-color1);--awb-margin-top:0px;--awb-margin-right:30px;--awb-margin-top-small:10px;--awb-margin-right-small:30px;--awb-margin-bottom-small:10px;--awb-margin-left-small:0px;--awb-font-size:var(--awb-typography5-font-size);\"><div class=\"fusion-title-heading title-heading-left title-heading-tag\" style=\"font-family:var(--awb-typography5-font-family);font-weight:var(--awb-typography5-font-weight);font-style:var(--awb-typography5-font-style);margin:0;letter-spacing:var(--awb-typography5-letter-spacing);text-transform:var(--awb-typography5-text-transform);font-size:1em;line-height:var(--awb-typography5-line-height);\"><mark class=\"fusion-highlight custom-textcolor highlight1 awb-highlight-background\" style=\"--awb-color:var(--awb-color2);--awb-text-color:var(--awb-color8);\">Documents<\/mark><\/div><\/div><div class=\"fusion-title title fusion-title-2 fusion-sep-none fusion-title-text fusion-title-size-two\" style=\"--awb-margin-bottom:30px;--awb-margin-top-small:10px;--awb-margin-right-small:0px;--awb-margin-bottom-small:10px;--awb-margin-left-small:0px;\"><h2 class=\"fusion-title-heading title-heading-left fusion-responsive-typography-calculated\" style=\"margin:0;--fontSize:42;line-height:var(--awb-typography1-line-height);\">Pour divorcer \u00e0 l\u2019amiable, vous aurez \u00e0 fournir diff\u00e9rents documents, principalement les suivants:<\/h2><\/div><\/div><\/div><div class=\"fusion-layout-column fusion_builder_column fusion-builder-column-1 fusion-flex-column fusion-animated\" style=\"--awb-bg-size:cover;--awb-width-large:55%;--awb-margin-top-large:0px;--awb-spacing-right-large:40px;--awb-margin-bottom-large:0px;--awb-spacing-left-large:40px;--awb-width-medium:55%;--awb-order-medium:0;--awb-spacing-right-medium:40px;--awb-spacing-left-medium:40px;--awb-width-small:100%;--awb-order-small:0;--awb-spacing-right-small:40px;--awb-spacing-left-small:40px;\" data-animationType=\"fadeInUp\" data-animationDuration=\"0.3\" data-animationOffset=\"top-into-view\"><div class=\"fusion-column-wrapper fusion-column-has-shadow fusion-flex-justify-content-flex-start fusion-content-layout-column\"><ul style=\"--awb-item-padding-top:20px;--awb-item-padding-right:20px;--awb-item-padding-bottom:20px;--awb-item-padding-left:15px;--awb-odd-row-bgcolor:hsla(var(--awb-color2-h),var(--awb-color2-s),var(--awb-color2-l),calc(var(--awb-color2-a) - 50%));--awb-iconcolor:var(--awb-color4);--awb-line-height:27.2px;--awb-icon-width:27.2px;--awb-icon-height:27.2px;--awb-icon-margin:11.2px;--awb-content-margin:38.4px;\" class=\"fusion-checklist fusion-checklist-1 type-icons\"><li class=\"fusion-li-item\" style=\"\"><span class=\"icon-wrapper circle-no\"><i class=\"fusion-li-icon corporation-check\" aria-hidden=\"true\"><\/i><\/span><div class=\"fusion-li-item-content\">copies d&rsquo;acte de naissance des \u00e9poux<\/div><\/li><li class=\"fusion-li-item\" style=\"\"><span class=\"icon-wrapper circle-no\"><i class=\"fusion-li-icon corporation-check\" aria-hidden=\"true\"><\/i><\/span><div class=\"fusion-li-item-content\">copie de certificat de mariage;<\/div><\/li><li class=\"fusion-li-item\" style=\"\"><span class=\"icon-wrapper circle-no\"><i class=\"fusion-li-icon corporation-check\" aria-hidden=\"true\"><\/i><\/span><div class=\"fusion-li-item-content\">copie certifi\u00e9e conforme de votre contrat de mariage, s&rsquo;il y a lieu;<\/div><\/li><li class=\"fusion-li-item\" style=\"\"><span class=\"icon-wrapper circle-no\"><i class=\"fusion-li-icon corporation-check\" aria-hidden=\"true\"><\/i><\/span><div class=\"fusion-li-item-content\">copie certifi\u00e9e conforme du jugement de s\u00e9paration prononc\u00e9 \u00e0 votre endroit, s&rsquo;il y a lieu.<\/div><\/li><li class=\"fusion-li-item\" style=\"\"><span class=\"icon-wrapper circle-no\"><i class=\"fusion-li-icon corporation-check\" aria-hidden=\"true\"><\/i><\/span><div class=\"fusion-li-item-content\">copie d&rsquo;acte de naissance des enfants mineurs communs<\/div><\/li><\/ul><\/div><\/div><\/div><\/div>\n","protected":false},"excerpt":{"rendered":"","protected":false},"author":1,"featured_media":2352,"parent":0,"menu_order":0,"comment_status":"closed","ping_status":"closed","template":"100-width.php","meta":{"footnotes":""},"class_list":["post-2488","page","type-page","status-publish","has-post-thumbnail","hentry"],"yoast_head":"<!-- This site is optimized with the Yoast SEO plugin v27.6 - https:\/\/yoast.com\/product\/yoast-seo-wordpress\/ -->\n<title>Documents requis - Jedivorce<\/title>\n<meta name=\"robots\" content=\"index, follow, max-snippet:-1, max-image-preview:large, max-video-preview:-1\" \/>\n<link rel=\"canonical\" href=\"https:\/\/jedivorce.ca\/fr\/documents-requis\/\" \/>\n<meta property=\"og:locale\" content=\"fr_FR\" \/>\n<meta property=\"og:type\" content=\"article\" \/>\n<meta property=\"og:title\" content=\"Documents requis - Jedivorce\" \/>\n<meta property=\"og:url\" content=\"https:\/\/jedivorce.ca\/fr\/documents-requis\/\" \/>\n<meta property=\"og:site_name\" content=\"Jedivorce\" \/>\n<meta property=\"article:modified_time\" content=\"2023-03-10T13:20:11+00:00\" \/>\n<meta name=\"twitter:card\" content=\"summary_large_image\" \/>\n<meta name=\"twitter:label1\" content=\"Dur\u00e9e de lecture estim\u00e9e\" \/>\n\t<meta name=\"twitter:data1\" content=\"2 minutes\" \/>\n<script type=\"application\/ld+json\" class=\"yoast-schema-graph\">{\"@context\":\"https:\\\/\\\/schema.org\",\"@graph\":[{\"@type\":\"WebPage\",\"@id\":\"https:\\\/\\\/jedivorce.ca\\\/fr\\\/documents-requis\\\/\",\"url\":\"https:\\\/\\\/jedivorce.ca\\\/fr\\\/documents-requis\\\/\",\"name\":\"Documents requis - Jedivorce\",\"isPartOf\":{\"@id\":\"https:\\\/\\\/jedivorce.ca\\\/fr\\\/#website\"},\"primaryImageOfPage\":{\"@id\":\"https:\\\/\\\/jedivorce.ca\\\/fr\\\/documents-requis\\\/#primaryimage\"},\"image\":{\"@id\":\"https:\\\/\\\/jedivorce.ca\\\/fr\\\/documents-requis\\\/#primaryimage\"},\"thumbnailUrl\":\"https:\\\/\\\/jedivorce.ca\\\/wp-content\\\/uploads\\\/2023\\\/03\\\/hero2.jpg\",\"datePublished\":\"2023-02-26T23:35:16+00:00\",\"dateModified\":\"2023-03-10T13:20:11+00:00\",\"breadcrumb\":{\"@id\":\"https:\\\/\\\/jedivorce.ca\\\/fr\\\/documents-requis\\\/#breadcrumb\"},\"inLanguage\":\"fr-FR\",\"potentialAction\":[{\"@type\":\"ReadAction\",\"target\":[\"https:\\\/\\\/jedivorce.ca\\\/fr\\\/documents-requis\\\/\"]}]},{\"@type\":\"ImageObject\",\"inLanguage\":\"fr-FR\",\"@id\":\"https:\\\/\\\/jedivorce.ca\\\/fr\\\/documents-requis\\\/#primaryimage\",\"url\":\"https:\\\/\\\/jedivorce.ca\\\/wp-content\\\/uploads\\\/2023\\\/03\\\/hero2.jpg\",\"contentUrl\":\"https:\\\/\\\/jedivorce.ca\\\/wp-content\\\/uploads\\\/2023\\\/03\\\/hero2.jpg\",\"width\":1920,\"height\":1060,\"caption\":\"Amicable Divorce\"},{\"@type\":\"BreadcrumbList\",\"@id\":\"https:\\\/\\\/jedivorce.ca\\\/fr\\\/documents-requis\\\/#breadcrumb\",\"itemListElement\":[{\"@type\":\"ListItem\",\"position\":1,\"name\":\"Home\",\"item\":\"https:\\\/\\\/jedivorce.ca\\\/fr\\\/\"},{\"@type\":\"ListItem\",\"position\":2,\"name\":\"Documents requis\"}]},{\"@type\":\"WebSite\",\"@id\":\"https:\\\/\\\/jedivorce.ca\\\/fr\\\/#website\",\"url\":\"https:\\\/\\\/jedivorce.ca\\\/fr\\\/\",\"name\":\"Jedivorce\",\"description\":\"Just another WordPress site\",\"potentialAction\":[{\"@type\":\"SearchAction\",\"target\":{\"@type\":\"EntryPoint\",\"urlTemplate\":\"https:\\\/\\\/jedivorce.ca\\\/fr\\\/?s={search_term_string}\"},\"query-input\":{\"@type\":\"PropertyValueSpecification\",\"valueRequired\":true,\"valueName\":\"search_term_string\"}}],\"inLanguage\":\"fr-FR\"}]}<\/script>\n<!-- \/ Yoast SEO plugin. -->","yoast_head_json":{"title":"Documents requis - Jedivorce","robots":{"index":"index","follow":"follow","max-snippet":"max-snippet:-1","max-image-preview":"max-image-preview:large","max-video-preview":"max-video-preview:-1"},"canonical":"https:\/\/jedivorce.ca\/fr\/documents-requis\/","og_locale":"fr_FR","og_type":"article","og_title":"Documents requis - Jedivorce","og_url":"https:\/\/jedivorce.ca\/fr\/documents-requis\/","og_site_name":"Jedivorce","article_modified_time":"2023-03-10T13:20:11+00:00","twitter_card":"summary_large_image","twitter_misc":{"Dur\u00e9e de lecture estim\u00e9e":"2 minutes"},"schema":{"@context":"https:\/\/schema.org","@graph":[{"@type":"WebPage","@id":"https:\/\/jedivorce.ca\/fr\/documents-requis\/","url":"https:\/\/jedivorce.ca\/fr\/documents-requis\/","name":"Documents requis - Jedivorce","isPartOf":{"@id":"https:\/\/jedivorce.ca\/fr\/#website"},"primaryImageOfPage":{"@id":"https:\/\/jedivorce.ca\/fr\/documents-requis\/#primaryimage"},"image":{"@id":"https:\/\/jedivorce.ca\/fr\/documents-requis\/#primaryimage"},"thumbnailUrl":"https:\/\/jedivorce.ca\/wp-content\/uploads\/2023\/03\/hero2.jpg","datePublished":"2023-02-26T23:35:16+00:00","dateModified":"2023-03-10T13:20:11+00:00","breadcrumb":{"@id":"https:\/\/jedivorce.ca\/fr\/documents-requis\/#breadcrumb"},"inLanguage":"fr-FR","potentialAction":[{"@type":"ReadAction","target":["https:\/\/jedivorce.ca\/fr\/documents-requis\/"]}]},{"@type":"ImageObject","inLanguage":"fr-FR","@id":"https:\/\/jedivorce.ca\/fr\/documents-requis\/#primaryimage","url":"https:\/\/jedivorce.ca\/wp-content\/uploads\/2023\/03\/hero2.jpg","contentUrl":"https:\/\/jedivorce.ca\/wp-content\/uploads\/2023\/03\/hero2.jpg","width":1920,"height":1060,"caption":"Amicable Divorce"},{"@type":"BreadcrumbList","@id":"https:\/\/jedivorce.ca\/fr\/documents-requis\/#breadcrumb","itemListElement":[{"@type":"ListItem","position":1,"name":"Home","item":"https:\/\/jedivorce.ca\/fr\/"},{"@type":"ListItem","position":2,"name":"Documents requis"}]},{"@type":"WebSite","@id":"https:\/\/jedivorce.ca\/fr\/#website","url":"https:\/\/jedivorce.ca\/fr\/","name":"Jedivorce","description":"Just another WordPress site","potentialAction":[{"@type":"SearchAction","target":{"@type":"EntryPoint","urlTemplate":"https:\/\/jedivorce.ca\/fr\/?s={search_term_string}"},"query-input":{"@type":"PropertyValueSpecification","valueRequired":true,"valueName":"search_term_string"}}],"inLanguage":"fr-FR"}]}},"_links":{"self":[{"href":"https:\/\/jedivorce.ca\/fr\/wp-json\/wp\/v2\/pages\/2488","targetHints":{"allow":["GET"]}}],"collection":[{"href":"https:\/\/jedivorce.ca\/fr\/wp-json\/wp\/v2\/pages"}],"about":[{"href":"https:\/\/jedivorce.ca\/fr\/wp-json\/wp\/v2\/types\/page"}],"author":[{"embeddable":true,"href":"https:\/\/jedivorce.ca\/fr\/wp-json\/wp\/v2\/users\/1"}],"replies":[{"embeddable":true,"href":"https:\/\/jedivorce.ca\/fr\/wp-json\/wp\/v2\/comments?post=2488"}],"version-history":[{"count":0,"href":"https:\/\/jedivorce.ca\/fr\/wp-json\/wp\/v2\/pages\/2488\/revisions"}],"wp:featuredmedia":[{"embeddable":true,"href":"https:\/\/jedivorce.ca\/fr\/wp-json\/wp\/v2\/media\/2352"}],"wp:attachment":[{"href":"https:\/\/jedivorce.ca\/fr\/wp-json\/wp\/v2\/media?parent=2488"}],"curies":[{"name":"wp","href":"https:\/\/api.w.org\/{rel}","templated":true}]}}