{"id":2495,"date":"2023-02-26T23:36:31","date_gmt":"2023-02-26T23:36:31","guid":{"rendered":"https:\/\/jedivorce.ca\/divorce-judgment\/"},"modified":"2023-04-28T21:56:25","modified_gmt":"2023-04-28T21:56:25","slug":"le-jugement-de-divorce","status":"publish","type":"page","link":"https:\/\/jedivorce.ca\/fr\/le-jugement-de-divorce\/","title":{"rendered":"Le jugement de divorce"},"content":{"rendered":"<div class=\"fusion-fullwidth fullwidth-box fusion-builder-row-1 fusion-flex-container has-pattern-background has-mask-background nonhundred-percent-fullwidth non-hundred-percent-height-scrolling\" style=\"--awb-border-radius-top-left:0px;--awb-border-radius-top-right:0px;--awb-border-radius-bottom-right:0px;--awb-border-radius-bottom-left:0px;--awb-padding-top:50px;--awb-padding-bottom:50px;--awb-flex-wrap:wrap;\" ><div class=\"fusion-builder-row fusion-row fusion-flex-align-items-flex-start fusion-flex-content-wrap\" style=\"max-width:1248px;margin-left: calc(-4% \/ 2 );margin-right: calc(-4% \/ 2 );\"><div class=\"fusion-layout-column fusion_builder_column fusion-builder-column-0 fusion_builder_column_1_2 1_2 fusion-flex-column fusion-flex-align-self-stretch\" style=\"--awb-bg-size:cover;--awb-width-large:50%;--awb-margin-top-large:0px;--awb-spacing-right-large:3.84%;--awb-margin-bottom-large:20px;--awb-spacing-left-large:3.84%;--awb-width-medium:50%;--awb-order-medium:0;--awb-spacing-right-medium:3.84%;--awb-spacing-left-medium:3.84%;--awb-width-small:100%;--awb-order-small:0;--awb-spacing-right-small:1.92%;--awb-spacing-left-small:1.92%;\"><div class=\"fusion-column-wrapper fusion-column-has-shadow fusion-flex-justify-content-center fusion-content-layout-column\"><div class=\"fusion-text fusion-text-1\"><p>If, after considering the evidence, the judge believes that marriage breakdown is established, the judge grants a preliminary order called a divorce judgment. The parties can only remarry once the divorce becomes final.<\/p>\n<\/div><ul style=\"--awb-item-padding-top:15px;--awb-item-padding-bottom:15px;--awb-line-height:27.2px;--awb-icon-width:27.2px;--awb-icon-height:27.2px;--awb-icon-margin:11.2px;--awb-content-margin:38.4px;--awb-circlecolor:var(--awb-color4);--awb-circle-yes-font-size:14.08px;\" class=\"fusion-checklist fusion-checklist-1 type-icons\"><li class=\"fusion-li-item\" style=\"\"><span class=\"icon-wrapper circle-yes\"><i class=\"fusion-li-icon awb-icon-check\" aria-hidden=\"true\"><\/i><\/span><div class=\"fusion-li-item-content\">\n<p>Pour obtenir le divorce, vous devez pr\u00e9senter une demande au tribunal dans la province ou le territoire dans lequel vous ou votre \u00e9poux r\u00e9sidez.<\/p>\n<\/div><\/li><li class=\"fusion-li-item\" style=\"\"><span class=\"icon-wrapper circle-yes\"><i class=\"fusion-li-icon awb-icon-check\" aria-hidden=\"true\"><\/i><\/span><div class=\"fusion-li-item-content\">\n<p>Un divorce entre en vigueur 31 jours apr\u00e8s que le juge ait rendu le jugement de divorce.<\/p>\n<\/div><\/li><li class=\"fusion-li-item\" style=\"\"><span class=\"icon-wrapper circle-yes\"><i class=\"fusion-li-icon awb-icon-check\" aria-hidden=\"true\"><\/i><\/span><div class=\"fusion-li-item-content\">\n<p>\u00c0 la suite de ce d\u00e9lai,\u00a0 la Cour \u00e9met le certificat de divorce en 2 copies. Ceci est un document qui confirme la finalisation du divorce ainsi que sa date d\u2019entr\u00e9e en vigueur.<\/p>\n<\/div><\/li><li class=\"fusion-li-item\" style=\"\"><span class=\"icon-wrapper circle-yes\"><i class=\"fusion-li-icon awb-icon-check\" aria-hidden=\"true\"><\/i><\/span><div class=\"fusion-li-item-content\">\n<p>Pour obtenir une copie de votre certificat de divorce,vous devez adresser votre demande au tribunal qui a trait\u00e9 votre demande de divorce \u00e0 l\u2019amiable.<\/p>\n<\/div><\/li><\/ul><div ><a class=\"fusion-button button-flat fusion-button-default-size button-custom fusion-button-default button-1 fusion-button-default-span fusion-button-default-type\" style=\"--awb-margin-top:10px;--button_accent_color:var(--awb-color1);--button_accent_hover_color:var(--awb-color1);--button_border_hover_color:var(--awb-color1);--button_gradient_top_color:var(--awb-custom_color_1);--button_gradient_bottom_color:var(--awb-custom_color_1);--button_gradient_top_color_hover:var(--awb-custom_color_2);--button_gradient_bottom_color_hover:var(--awb-custom_color_2);\" target=\"_self\" href=\"https:\/\/jedivorce.ca\/contact\/\"><span class=\"fusion-button-text awb-button__text awb-button__text--default\">Contactez-nous<\/span><\/a><\/div><\/div><\/div><div class=\"fusion-layout-column fusion_builder_column fusion-builder-column-1 fusion_builder_column_1_2 1_2 fusion-flex-column\" style=\"--awb-bg-size:cover;--awb-box-shadow:0px 10px 20px 4px var(--awb-color3);;--awb-width-large:50%;--awb-margin-top-large:0px;--awb-spacing-right-large:3.84%;--awb-margin-bottom-large:20px;--awb-spacing-left-large:3.84%;--awb-width-medium:50%;--awb-order-medium:0;--awb-spacing-right-medium:3.84%;--awb-spacing-left-medium:3.84%;--awb-width-small:100%;--awb-order-small:0;--awb-spacing-right-small:1.92%;--awb-spacing-left-small:1.92%;\"><div class=\"fusion-column-wrapper fusion-column-has-shadow fusion-flex-justify-content-flex-start fusion-content-layout-column\"><div class=\"fusion-image-element \" style=\"--awb-caption-title-font-family:var(--h2_typography-font-family);--awb-caption-title-font-weight:var(--h2_typography-font-weight);--awb-caption-title-font-style:var(--h2_typography-font-style);--awb-caption-title-size:var(--h2_typography-font-size);--awb-caption-title-transform:var(--h2_typography-text-transform);--awb-caption-title-line-height:var(--h2_typography-line-height);--awb-caption-title-letter-spacing:var(--h2_typography-letter-spacing);\"><span class=\" fusion-imageframe imageframe-none imageframe-1 hover-type-zoomin\"><img decoding=\"async\" width=\"1000\" height=\"667\" alt=\"Amicable Divorce\" title=\"divorce-certification-min\" src=\"https:\/\/jedivorce.ca\/wp-content\/uploads\/2023\/03\/divorce-certification-min.jpg\" data-orig-src=\"https:\/\/jedivorce.ca\/wp-content\/uploads\/2023\/03\/divorce-certification-min.jpg\" class=\"lazyload img-responsive wp-image-2444\" srcset=\"data:image\/svg+xml,%3Csvg%20xmlns%3D%27http%3A%2F%2Fwww.w3.org%2F2000%2Fsvg%27%20width%3D%271000%27%20height%3D%27667%27%20viewBox%3D%270%200%201000%20667%27%3E%3Crect%20width%3D%271000%27%20height%3D%27667%27%20fill-opacity%3D%220%22%2F%3E%3C%2Fsvg%3E\" data-srcset=\"https:\/\/jedivorce.ca\/wp-content\/uploads\/2023\/03\/divorce-certification-min-200x133.jpg 200w, https:\/\/jedivorce.ca\/wp-content\/uploads\/2023\/03\/divorce-certification-min-400x267.jpg 400w, https:\/\/jedivorce.ca\/wp-content\/uploads\/2023\/03\/divorce-certification-min-600x400.jpg 600w, https:\/\/jedivorce.ca\/wp-content\/uploads\/2023\/03\/divorce-certification-min-800x534.jpg 800w, https:\/\/jedivorce.ca\/wp-content\/uploads\/2023\/03\/divorce-certification-min.jpg 1000w\" data-sizes=\"auto\" data-orig-sizes=\"(max-width: 700px) 100vw, 600px\" \/><\/span><\/div><\/div><\/div><\/div><\/div>\n","protected":false},"excerpt":{"rendered":"","protected":false},"author":1,"featured_media":2352,"parent":0,"menu_order":0,"comment_status":"closed","ping_status":"closed","template":"100-width.php","meta":{"footnotes":""},"class_list":["post-2495","page","type-page","status-publish","has-post-thumbnail","hentry"],"yoast_head":"<!-- This site is optimized with the Yoast SEO plugin v27.6 - https:\/\/yoast.com\/product\/yoast-seo-wordpress\/ -->\n<title>Le jugement de divorce - Jedivorce<\/title>\n<meta name=\"robots\" content=\"index, follow, max-snippet:-1, max-image-preview:large, max-video-preview:-1\" \/>\n<link rel=\"canonical\" href=\"https:\/\/jedivorce.ca\/fr\/le-jugement-de-divorce\/\" \/>\n<meta property=\"og:locale\" content=\"fr_FR\" \/>\n<meta property=\"og:type\" content=\"article\" \/>\n<meta property=\"og:title\" content=\"Le jugement de divorce - Jedivorce\" \/>\n<meta property=\"og:url\" content=\"https:\/\/jedivorce.ca\/fr\/le-jugement-de-divorce\/\" \/>\n<meta property=\"og:site_name\" content=\"Jedivorce\" \/>\n<meta property=\"article:modified_time\" content=\"2023-04-28T21:56:25+00:00\" \/>\n<meta property=\"og:image\" content=\"https:\/\/jedivorce.ca\/wp-content\/uploads\/2023\/03\/hero2.jpg\" \/>\n\t<meta property=\"og:image:width\" content=\"1920\" \/>\n\t<meta property=\"og:image:height\" content=\"1060\" \/>\n\t<meta property=\"og:image:type\" content=\"image\/jpeg\" \/>\n<meta name=\"twitter:card\" content=\"summary_large_image\" \/>\n<meta name=\"twitter:label1\" content=\"Dur\u00e9e de lecture estim\u00e9e\" \/>\n\t<meta name=\"twitter:data1\" content=\"2 minutes\" \/>\n<script type=\"application\/ld+json\" class=\"yoast-schema-graph\">{\"@context\":\"https:\\\/\\\/schema.org\",\"@graph\":[{\"@type\":\"WebPage\",\"@id\":\"https:\\\/\\\/jedivorce.ca\\\/fr\\\/le-jugement-de-divorce\\\/\",\"url\":\"https:\\\/\\\/jedivorce.ca\\\/fr\\\/le-jugement-de-divorce\\\/\",\"name\":\"Le jugement de divorce - Jedivorce\",\"isPartOf\":{\"@id\":\"https:\\\/\\\/jedivorce.ca\\\/fr\\\/#website\"},\"primaryImageOfPage\":{\"@id\":\"https:\\\/\\\/jedivorce.ca\\\/fr\\\/le-jugement-de-divorce\\\/#primaryimage\"},\"image\":{\"@id\":\"https:\\\/\\\/jedivorce.ca\\\/fr\\\/le-jugement-de-divorce\\\/#primaryimage\"},\"thumbnailUrl\":\"https:\\\/\\\/jedivorce.ca\\\/wp-content\\\/uploads\\\/2023\\\/03\\\/hero2.jpg\",\"datePublished\":\"2023-02-26T23:36:31+00:00\",\"dateModified\":\"2023-04-28T21:56:25+00:00\",\"breadcrumb\":{\"@id\":\"https:\\\/\\\/jedivorce.ca\\\/fr\\\/le-jugement-de-divorce\\\/#breadcrumb\"},\"inLanguage\":\"fr-FR\",\"potentialAction\":[{\"@type\":\"ReadAction\",\"target\":[\"https:\\\/\\\/jedivorce.ca\\\/fr\\\/le-jugement-de-divorce\\\/\"]}]},{\"@type\":\"ImageObject\",\"inLanguage\":\"fr-FR\",\"@id\":\"https:\\\/\\\/jedivorce.ca\\\/fr\\\/le-jugement-de-divorce\\\/#primaryimage\",\"url\":\"https:\\\/\\\/jedivorce.ca\\\/wp-content\\\/uploads\\\/2023\\\/03\\\/hero2.jpg\",\"contentUrl\":\"https:\\\/\\\/jedivorce.ca\\\/wp-content\\\/uploads\\\/2023\\\/03\\\/hero2.jpg\",\"width\":1920,\"height\":1060,\"caption\":\"Amicable Divorce\"},{\"@type\":\"BreadcrumbList\",\"@id\":\"https:\\\/\\\/jedivorce.ca\\\/fr\\\/le-jugement-de-divorce\\\/#breadcrumb\",\"itemListElement\":[{\"@type\":\"ListItem\",\"position\":1,\"name\":\"Home\",\"item\":\"https:\\\/\\\/jedivorce.ca\\\/fr\\\/\"},{\"@type\":\"ListItem\",\"position\":2,\"name\":\"Le jugement de divorce\"}]},{\"@type\":\"WebSite\",\"@id\":\"https:\\\/\\\/jedivorce.ca\\\/fr\\\/#website\",\"url\":\"https:\\\/\\\/jedivorce.ca\\\/fr\\\/\",\"name\":\"Jedivorce\",\"description\":\"Just another WordPress site\",\"potentialAction\":[{\"@type\":\"SearchAction\",\"target\":{\"@type\":\"EntryPoint\",\"urlTemplate\":\"https:\\\/\\\/jedivorce.ca\\\/fr\\\/?s={search_term_string}\"},\"query-input\":{\"@type\":\"PropertyValueSpecification\",\"valueRequired\":true,\"valueName\":\"search_term_string\"}}],\"inLanguage\":\"fr-FR\"}]}<\/script>\n<!-- \/ Yoast SEO plugin. -->","yoast_head_json":{"title":"Le jugement de divorce - Jedivorce","robots":{"index":"index","follow":"follow","max-snippet":"max-snippet:-1","max-image-preview":"max-image-preview:large","max-video-preview":"max-video-preview:-1"},"canonical":"https:\/\/jedivorce.ca\/fr\/le-jugement-de-divorce\/","og_locale":"fr_FR","og_type":"article","og_title":"Le jugement de divorce - Jedivorce","og_url":"https:\/\/jedivorce.ca\/fr\/le-jugement-de-divorce\/","og_site_name":"Jedivorce","article_modified_time":"2023-04-28T21:56:25+00:00","og_image":[{"width":1920,"height":1060,"url":"https:\/\/jedivorce.ca\/wp-content\/uploads\/2023\/03\/hero2.jpg","type":"image\/jpeg"}],"twitter_card":"summary_large_image","twitter_misc":{"Dur\u00e9e de lecture estim\u00e9e":"2 minutes"},"schema":{"@context":"https:\/\/schema.org","@graph":[{"@type":"WebPage","@id":"https:\/\/jedivorce.ca\/fr\/le-jugement-de-divorce\/","url":"https:\/\/jedivorce.ca\/fr\/le-jugement-de-divorce\/","name":"Le jugement de divorce - Jedivorce","isPartOf":{"@id":"https:\/\/jedivorce.ca\/fr\/#website"},"primaryImageOfPage":{"@id":"https:\/\/jedivorce.ca\/fr\/le-jugement-de-divorce\/#primaryimage"},"image":{"@id":"https:\/\/jedivorce.ca\/fr\/le-jugement-de-divorce\/#primaryimage"},"thumbnailUrl":"https:\/\/jedivorce.ca\/wp-content\/uploads\/2023\/03\/hero2.jpg","datePublished":"2023-02-26T23:36:31+00:00","dateModified":"2023-04-28T21:56:25+00:00","breadcrumb":{"@id":"https:\/\/jedivorce.ca\/fr\/le-jugement-de-divorce\/#breadcrumb"},"inLanguage":"fr-FR","potentialAction":[{"@type":"ReadAction","target":["https:\/\/jedivorce.ca\/fr\/le-jugement-de-divorce\/"]}]},{"@type":"ImageObject","inLanguage":"fr-FR","@id":"https:\/\/jedivorce.ca\/fr\/le-jugement-de-divorce\/#primaryimage","url":"https:\/\/jedivorce.ca\/wp-content\/uploads\/2023\/03\/hero2.jpg","contentUrl":"https:\/\/jedivorce.ca\/wp-content\/uploads\/2023\/03\/hero2.jpg","width":1920,"height":1060,"caption":"Amicable Divorce"},{"@type":"BreadcrumbList","@id":"https:\/\/jedivorce.ca\/fr\/le-jugement-de-divorce\/#breadcrumb","itemListElement":[{"@type":"ListItem","position":1,"name":"Home","item":"https:\/\/jedivorce.ca\/fr\/"},{"@type":"ListItem","position":2,"name":"Le jugement de divorce"}]},{"@type":"WebSite","@id":"https:\/\/jedivorce.ca\/fr\/#website","url":"https:\/\/jedivorce.ca\/fr\/","name":"Jedivorce","description":"Just another WordPress site","potentialAction":[{"@type":"SearchAction","target":{"@type":"EntryPoint","urlTemplate":"https:\/\/jedivorce.ca\/fr\/?s={search_term_string}"},"query-input":{"@type":"PropertyValueSpecification","valueRequired":true,"valueName":"search_term_string"}}],"inLanguage":"fr-FR"}]}},"_links":{"self":[{"href":"https:\/\/jedivorce.ca\/fr\/wp-json\/wp\/v2\/pages\/2495","targetHints":{"allow":["GET"]}}],"collection":[{"href":"https:\/\/jedivorce.ca\/fr\/wp-json\/wp\/v2\/pages"}],"about":[{"href":"https:\/\/jedivorce.ca\/fr\/wp-json\/wp\/v2\/types\/page"}],"author":[{"embeddable":true,"href":"https:\/\/jedivorce.ca\/fr\/wp-json\/wp\/v2\/users\/1"}],"replies":[{"embeddable":true,"href":"https:\/\/jedivorce.ca\/fr\/wp-json\/wp\/v2\/comments?post=2495"}],"version-history":[{"count":0,"href":"https:\/\/jedivorce.ca\/fr\/wp-json\/wp\/v2\/pages\/2495\/revisions"}],"wp:featuredmedia":[{"embeddable":true,"href":"https:\/\/jedivorce.ca\/fr\/wp-json\/wp\/v2\/media\/2352"}],"wp:attachment":[{"href":"https:\/\/jedivorce.ca\/fr\/wp-json\/wp\/v2\/media?parent=2495"}],"curies":[{"name":"wp","href":"https:\/\/api.w.org\/{rel}","templated":true}]}}