{"id":2596,"date":"2023-02-26T23:37:09","date_gmt":"2023-02-26T23:37:09","guid":{"rendered":"https:\/\/jedivorce.ca\/team\/"},"modified":"2025-04-16T14:23:52","modified_gmt":"2025-04-16T14:23:52","slug":"equipe","status":"publish","type":"page","link":"https:\/\/jedivorce.ca\/fr\/equipe\/","title":{"rendered":"\u00c9quipe"},"content":{"rendered":"<p><div id=\"who\" class=\"fusion-container-anchor\"><div class=\"fusion-fullwidth fullwidth-box fusion-builder-row-1 fusion-flex-container has-pattern-background has-mask-background nonhundred-percent-fullwidth non-hundred-percent-height-scrolling\" style=\"--link_hover_color: var(--awb-color5);--link_color: var(--awb-color5);--awb-background-position:right top;--awb-background-blend-mode:overlay;--awb-border-color:var(--awb-color1);--awb-border-radius-top-left:0px;--awb-border-radius-top-right:0px;--awb-border-radius-bottom-right:0px;--awb-border-radius-bottom-left:0px;--awb-padding-top:120px;--awb-padding-bottom:120px;--awb-padding-top-medium:90px;--awb-padding-bottom-medium:90px;--awb-padding-top-small:80px;--awb-padding-bottom-small:80px;--awb-margin-bottom-medium:0px;--awb-background-color:var(--awb-color1);--awb-flex-wrap:wrap;\" ><div class=\"fusion-builder-row fusion-row fusion-flex-align-items-center fusion-flex-content-wrap\" style=\"max-width:1248px;margin-left: calc(-4% \/ 2 );margin-right: calc(-4% \/ 2 );\"><div class=\"fusion-layout-column fusion_builder_column fusion-builder-column-0 fusion-flex-column\" style=\"--awb-bg-size:cover;--awb-width-large:52%;--awb-margin-top-large:0px;--awb-spacing-right-large:72px;--awb-margin-bottom-large:0px;--awb-spacing-left-large:3.69230769231%;--awb-width-medium:50%;--awb-order-medium:0;--awb-spacing-right-medium:70px;--awb-spacing-left-medium:3.84%;--awb-width-small:100%;--awb-order-small:0;--awb-spacing-right-small:1.92%;--awb-spacing-left-small:1.92%;\"><div class=\"fusion-column-wrapper fusion-column-has-shadow fusion-flex-justify-content-flex-start fusion-content-layout-column\"><div class=\"fusion-image-element \" style=\"--awb-aspect-ratio: 100 \/ 119;--awb-margin-bottom-small:50px;--awb-caption-title-font-family:var(--h2_typography-font-family);--awb-caption-title-font-weight:var(--h2_typography-font-weight);--awb-caption-title-font-style:var(--h2_typography-font-style);--awb-caption-title-size:var(--h2_typography-font-size);--awb-caption-title-transform:var(--h2_typography-text-transform);--awb-caption-title-line-height:var(--h2_typography-line-height);--awb-caption-title-letter-spacing:var(--h2_typography-letter-spacing);\"><span class=\" fusion-imageframe imageframe-none imageframe-1 hover-type-none has-aspect-ratio fusion-animated\" style=\"--awb-animation-color:hsla(var(--awb-color4-h),var(--awb-color4-s),calc(var(--awb-color4-l) + 20%),var(--awb-color4-a));\" data-animationType=\"revealInLeft\" data-animationDuration=\"1.3\" data-animationOffset=\"top-into-view\"><img decoding=\"async\" width=\"520\" height=\"577\" alt=\"Monasalehi-building\" title=\"Monasalehi-building\" src=\"https:\/\/jedivorce.ca\/wp-content\/uploads\/2023\/03\/Monasalehi-building.png\" data-orig-src=\"https:\/\/jedivorce.ca\/wp-content\/uploads\/2023\/03\/Monasalehi-building.png\" class=\"lazyload img-responsive wp-image-2572 img-with-aspect-ratio\" data-parent-fit=\"cover\" data-parent-container=\".fusion-image-element\" srcset=\"data:image\/svg+xml,%3Csvg%20xmlns%3D%27http%3A%2F%2Fwww.w3.org%2F2000%2Fsvg%27%20width%3D%27520%27%20height%3D%27577%27%20viewBox%3D%270%200%20520%20577%27%3E%3Crect%20width%3D%27520%27%20height%3D%27577%27%20fill-opacity%3D%220%22%2F%3E%3C%2Fsvg%3E\" data-srcset=\"https:\/\/jedivorce.ca\/wp-content\/uploads\/2023\/03\/Monasalehi-building-200x222.png 200w, https:\/\/jedivorce.ca\/wp-content\/uploads\/2023\/03\/Monasalehi-building-400x444.png 400w, https:\/\/jedivorce.ca\/wp-content\/uploads\/2023\/03\/Monasalehi-building.png 520w\" data-sizes=\"auto\" data-orig-sizes=\"(max-width: 700px) 100vw, 520px\" \/><\/span><\/div><\/div><\/div><div class=\"fusion-layout-column fusion_builder_column fusion-builder-column-1 fusion-flex-column fusion-animated\" style=\"--awb-padding-bottom-medium:0px;--awb-bg-size:cover;--awb-width-large:48%;--awb-margin-top-large:0px;--awb-spacing-right-large:4%;--awb-margin-bottom-large:0px;--awb-spacing-left-large:55px;--awb-width-medium:50%;--awb-order-medium:0;--awb-spacing-right-medium:3.84%;--awb-spacing-left-medium:20px;--awb-width-small:100%;--awb-order-small:0;--awb-spacing-right-small:1.92%;--awb-spacing-left-small:20px;\" data-animationType=\"fadeInRight\" data-animationDuration=\"1.3\" data-animationOffset=\"top-into-view\"><div class=\"fusion-column-wrapper fusion-column-has-shadow fusion-flex-justify-content-flex-start fusion-content-layout-column\"><div class=\"fusion-title title fusion-title-1 fusion-sep-none fusion-title-text fusion-title-size-div\" style=\"--awb-text-color:var(--awb-color1);--awb-margin-top:0px;--awb-margin-right:30px;--awb-margin-top-small:10px;--awb-margin-right-small:30px;--awb-margin-bottom-small:10px;--awb-margin-left-small:0px;--awb-font-size:var(--awb-typography5-font-size);\"><div class=\"fusion-title-heading title-heading-left title-heading-tag\" style=\"font-family:var(--awb-typography5-font-family);font-weight:var(--awb-typography5-font-weight);font-style:var(--awb-typography5-font-style);margin:0;letter-spacing:var(--awb-typography5-letter-spacing);text-transform:var(--awb-typography5-text-transform);font-size:1em;line-height:var(--awb-typography5-line-height);\"><mark class=\"fusion-highlight custom-textcolor highlight1 awb-highlight-background\" style=\"--awb-color:var(--awb-color2);--awb-text-color:var(--awb-color8);\">Jedivorce<\/mark><\/div><\/div><div class=\"fusion-title title fusion-title-2 fusion-sep-none fusion-title-text fusion-title-size-two\" style=\"--awb-margin-bottom:30px;--awb-margin-top-small:10px;--awb-margin-right-small:0px;--awb-margin-bottom-small:10px;--awb-margin-left-small:0px;\"><h2 class=\"fusion-title-heading title-heading-left fusion-responsive-typography-calculated\" style=\"margin:0;--fontSize:42;line-height:var(--awb-typography1-line-height);\">Depuis 2011, nous accompagnons les couples qui souhaitent divorcer \u00e0 l\u2019amiable partout au Qu\u00e9bec.<\/h2><\/div><div class=\"fusion-text fusion-text-1 fusion-text-no-margin\" style=\"--awb-margin-top:0px;--awb-margin-right:0px;--awb-margin-bottom:10px;--awb-margin-left:0px;\"><p>Notre exp\u00e9rience et notre expertise nous permettent de vous faire b\u00e9n\u00e9ficier d\u2019un processus de divorce \u00e0 l\u2019amiable optimis\u00e9 pour vous permettre de passer aux prochaines \u00e9tapes de votre vie.<\/p>\n<\/div><\/div><\/div><\/div><\/div><\/div><div id=\"team\" class=\"fusion-container-anchor\"><div class=\"fusion-fullwidth fullwidth-box fusion-builder-row-2 fusion-flex-container has-pattern-background has-mask-background nonhundred-percent-fullwidth non-hundred-percent-height-scrolling\" style=\"--link_hover_color: var(--awb-color2);--link_color: var(--awb-color4);--awb-background-position:left top;--awb-border-sizes-top:0px;--awb-border-sizes-bottom:0px;--awb-border-sizes-left:0px;--awb-border-sizes-right:0px;--awb-border-radius-top-left:0px;--awb-border-radius-top-right:0px;--awb-border-radius-bottom-right:0px;--awb-border-radius-bottom-left:0px;--awb-padding-top:70px;--awb-padding-bottom:130px;--awb-padding-top-medium:90px;--awb-padding-bottom-medium:90px;--awb-margin-bottom-medium:0px;--awb-background-color:#f4f4f4;--awb-flex-wrap:wrap;\" ><div class=\"fusion-builder-row fusion-row fusion-flex-align-items-flex-start fusion-flex-justify-content-center fusion-flex-content-wrap\" style=\"max-width:calc( 1200px + 120px );margin-left: calc(-120px \/ 2 );margin-right: calc(-120px \/ 2 );\"><div class=\"fusion-layout-column fusion_builder_column fusion-builder-column-2 fusion_builder_column_3_5 3_5 fusion-flex-column fusion-flex-align-self-flex-start fusion-column-no-min-height fusion-animated\" style=\"--awb-padding-right-medium:0px;--awb-padding-left-medium:0px;--awb-bg-blend:overlay;--awb-bg-size:cover;--awb-width-large:60%;--awb-margin-top-large:0px;--awb-spacing-right-large:calc( 0.133333333333 * calc( 100% - 120px ) );--awb-margin-bottom-large:90px;--awb-spacing-left-large:60px;--awb-width-medium:50%;--awb-spacing-right-medium:calc( 0.16 * calc( 100% - 120px ) );--awb-margin-bottom-medium:49px;--awb-spacing-left-medium:60px;--awb-width-small:100%;--awb-spacing-right-small:60px;--awb-margin-bottom-small:0px;--awb-spacing-left-small:60px;\" data-animationType=\"fadeIn\" data-animationDuration=\"0.8\" data-animationOffset=\"top-into-view\"><div class=\"fusion-column-wrapper fusion-flex-justify-content-flex-start fusion-content-layout-column\"><div class=\"fusion-title title fusion-title-3 fusion-sep-none fusion-title-center fusion-title-text fusion-title-size-three\" style=\"--awb-text-color:var(--awb-color8);--awb-margin-bottom:0px;--awb-margin-top-small:10px;--awb-margin-right-small:0px;--awb-margin-bottom-small:50px;--awb-margin-left-small:0px;\"><h3 class=\"fusion-title-heading title-heading-center\" style=\"margin:0;\">Rencontrez notre \u00e9quipe<\/h3><\/div><\/div><\/div><div class=\"fusion-layout-column fusion_builder_column fusion-builder-column-3 fusion_builder_column_1_2 1_2 fusion-flex-column\" style=\"--awb-bg-size:cover;--awb-width-large:50%;--awb-margin-top-large:0px;--awb-spacing-right-large:60px;--awb-margin-bottom-large:70px;--awb-spacing-left-large:60px;--awb-width-medium:50%;--awb-order-medium:0;--awb-spacing-right-medium:60px;--awb-spacing-left-medium:60px;--awb-width-small:100%;--awb-order-small:0;--awb-spacing-right-small:60px;--awb-margin-bottom-small:0px;--awb-spacing-left-small:60px;\"><div class=\"fusion-column-wrapper fusion-column-has-shadow fusion-flex-justify-content-flex-start fusion-content-layout-column\"><div class=\"fusion-image-element \" style=\"--awb-aspect-ratio: 100 \/ 90;--awb-margin-bottom:35px;--awb-caption-title-font-family:var(--h2_typography-font-family);--awb-caption-title-font-weight:var(--h2_typography-font-weight);--awb-caption-title-font-style:var(--h2_typography-font-style);--awb-caption-title-size:var(--h2_typography-font-size);--awb-caption-title-transform:var(--h2_typography-text-transform);--awb-caption-title-line-height:var(--h2_typography-line-height);--awb-caption-title-letter-spacing:var(--h2_typography-letter-spacing);\"><span class=\" fusion-imageframe imageframe-none imageframe-2 hover-type-none has-aspect-ratio\"><img decoding=\"async\" width=\"600\" height=\"822\" title=\"Mona-Bras-croises-600&#215;822\" src=\"https:\/\/jedivorce.ca\/wp-content\/uploads\/2023\/03\/Mona-Bras-croises-600x822-1.jpg\" data-orig-src=\"https:\/\/jedivorce.ca\/wp-content\/uploads\/2023\/03\/Mona-Bras-croises-600x822-1.jpg\" class=\"lazyload img-responsive wp-image-2581 img-with-aspect-ratio\" data-parent-fit=\"cover\" data-parent-container=\".fusion-image-element\" alt srcset=\"data:image\/svg+xml,%3Csvg%20xmlns%3D%27http%3A%2F%2Fwww.w3.org%2F2000%2Fsvg%27%20width%3D%27600%27%20height%3D%27822%27%20viewBox%3D%270%200%20600%20822%27%3E%3Crect%20width%3D%27600%27%20height%3D%27822%27%20fill-opacity%3D%220%22%2F%3E%3C%2Fsvg%3E\" data-srcset=\"https:\/\/jedivorce.ca\/wp-content\/uploads\/2023\/03\/Mona-Bras-croises-600x822-1-200x274.jpg 200w, https:\/\/jedivorce.ca\/wp-content\/uploads\/2023\/03\/Mona-Bras-croises-600x822-1-400x548.jpg 400w, https:\/\/jedivorce.ca\/wp-content\/uploads\/2023\/03\/Mona-Bras-croises-600x822-1.jpg 600w\" data-sizes=\"auto\" data-orig-sizes=\"(max-width: 700px) 100vw, 600px\" \/><\/span><\/div><\/div><\/div><div class=\"fusion-layout-column fusion_builder_column fusion-builder-column-4 fusion_builder_column_1_2 1_2 fusion-flex-column\" style=\"--awb-bg-size:cover;--awb-width-large:50%;--awb-margin-top-large:0px;--awb-spacing-right-large:0px;--awb-margin-bottom-large:70px;--awb-spacing-left-large:0px;--awb-width-medium:50%;--awb-order-medium:0;--awb-spacing-right-medium:0px;--awb-spacing-left-medium:0px;--awb-width-small:100%;--awb-order-small:0;--awb-spacing-right-small:60px;--awb-margin-bottom-small:4px;--awb-spacing-left-small:60px;\"><div class=\"fusion-column-wrapper fusion-column-has-shadow fusion-flex-justify-content-flex-start fusion-content-layout-column\"><div class=\"fusion-title title fusion-title-4 fusion-sep-none fusion-title-text fusion-title-size-three\" style=\"--awb-text-color:var(--awb-color8);--awb-margin-top:0px;--awb-margin-bottom:5px;--awb-margin-top-small:10px;--awb-margin-right-small:0px;--awb-margin-bottom-small:10px;--awb-margin-left-small:0px;--awb-font-size:25px;\"><h3 class=\"fusion-title-heading title-heading-left\" style=\"margin:0;font-size:1em;\">Me Mona Salehi, L.L.B., D.D.N.<\/h3><\/div><div class=\"fusion-text fusion-text-2 fusion-text-no-margin\" style=\"--awb-content-alignment:left;--awb-font-size:13px16;--awb-line-height:var(--awb-typography5-line-height);--awb-letter-spacing:var(--awb-typography5-letter-spacing);--awb-text-transform:var(--awb-typography5-text-transform);--awb-text-color:var(--awb-color4);--awb-margin-top:0px;--awb-margin-right:0px;--awb-margin-bottom:0px;--awb-margin-left:0px;--awb-text-font-family:var(--awb-typography5-font-family);--awb-text-font-weight:var(--awb-typography5-font-weight);--awb-text-font-style:var(--awb-typography5-font-style);\"><p>Notaire<\/p>\n<\/div><div class=\"fusion-text fusion-text-3\"><p>Dipl\u00f4m\u00e9e en droit notarial en 2010 de l\u2019universit\u00e9 de Montr\u00e9al, Me Salehi est sp\u00e9cialis\u00e9e en droit familiale (c\u00e9l\u00e9bration de mariage civil, contrat de mariage, divorce \u00e0 l\u2019amiable), protection du patrimoine (testament, droit des successions) et en proc\u00e9dures non contentieuses devant notaire et devant tribunal (tutelle au mineur, curatelle ou tutelle au majeur, autorisation de vente de biens sous tutelle, etc.).Notaire d\u2019exp\u00e9rience, Me Salehi accompagne plusieurs organismes de renom dans leurs besoins de services juridiques en mati\u00e8re de succession.<\/p>\n<p>De part son expertise, Me Salehi est appel\u00e9e \u00e0 donner des conf\u00e9rences sur diff\u00e9rents sujets juridiques comme les r\u00e9gimes matrimoniaux, les testaments, la liquidation d\u2019une succession et les divorces \u00e0 l\u2019amiable.<br \/>\nLes clients appr\u00e9cient l\u2019approche humaine et l\u2019attention port\u00e9e par Me Salehi \u00e0 leurs situations et particularit\u00e9s.<\/p>\n<\/div><\/div><\/div><div class=\"fusion-layout-column fusion_builder_column fusion-builder-column-5 fusion_builder_column_1_1 1_1 fusion-flex-column\" style=\"--awb-bg-size:cover;--awb-width-large:100%;--awb-margin-top-large:0px;--awb-spacing-right-large:60px;--awb-margin-bottom-large:20px;--awb-spacing-left-large:60px;--awb-width-medium:100%;--awb-order-medium:0;--awb-spacing-right-medium:60px;--awb-spacing-left-medium:60px;--awb-width-small:100%;--awb-order-small:0;--awb-spacing-right-small:60px;--awb-spacing-left-small:60px;\"><div class=\"fusion-column-wrapper fusion-column-has-shadow fusion-flex-justify-content-flex-start fusion-content-layout-column\"><div class=\"fusion-separator fusion-full-width-sep\" style=\"align-self: center;margin-left: auto;margin-right: auto;margin-top:0px;margin-bottom:70px;width:100%;\"><div class=\"fusion-separator-border sep-single sep-solid\" style=\"--awb-height:20px;--awb-amount:20px;border-color:var(--awb-color3);border-top-width:1px;\"><\/div><\/div><\/div><\/div><div class=\"fusion-layout-column fusion_builder_column fusion-builder-column-6 fusion_builder_column_1_3 1_3 fusion-flex-column\" style=\"--awb-bg-size:cover;--awb-width-large:33.3333333333%;--awb-margin-top-large:0px;--awb-spacing-right-large:60px;--awb-margin-bottom-large:20px;--awb-spacing-left-large:60px;--awb-width-medium:33.3333333333%;--awb-order-medium:0;--awb-spacing-right-medium:60px;--awb-spacing-left-medium:60px;--awb-width-small:100%;--awb-order-small:0;--awb-spacing-right-small:60px;--awb-spacing-left-small:60px;\"><div class=\"fusion-column-wrapper fusion-column-has-shadow fusion-flex-justify-content-flex-start fusion-content-layout-column\"><div class=\"fusion-image-element \" style=\"text-align:center;--awb-aspect-ratio: 100 \/ 90;--awb-object-position:62% 0%;--awb-margin-bottom:15px;--awb-caption-title-font-family:var(--h2_typography-font-family);--awb-caption-title-font-weight:var(--h2_typography-font-weight);--awb-caption-title-font-style:var(--h2_typography-font-style);--awb-caption-title-size:var(--h2_typography-font-size);--awb-caption-title-transform:var(--h2_typography-text-transform);--awb-caption-title-line-height:var(--h2_typography-line-height);--awb-caption-title-letter-spacing:var(--h2_typography-letter-spacing);\"><span class=\" fusion-imageframe imageframe-none imageframe-3 hover-type-none has-aspect-ratio\"><img decoding=\"async\" width=\"723\" height=\"723\" alt=\"Effie Vardatsikos\" title=\"1676326808849\" src=\"https:\/\/jedivorce.ca\/wp-content\/uploads\/2023\/03\/1676326808849.jpg\" data-orig-src=\"https:\/\/jedivorce.ca\/wp-content\/uploads\/2023\/03\/1676326808849.jpg\" class=\"lazyload img-responsive wp-image-2599 img-with-aspect-ratio\" data-parent-fit=\"cover\" data-parent-container=\".fusion-image-element\" srcset=\"data:image\/svg+xml,%3Csvg%20xmlns%3D%27http%3A%2F%2Fwww.w3.org%2F2000%2Fsvg%27%20width%3D%27723%27%20height%3D%27723%27%20viewBox%3D%270%200%20723%20723%27%3E%3Crect%20width%3D%27723%27%20height%3D%27723%27%20fill-opacity%3D%220%22%2F%3E%3C%2Fsvg%3E\" data-srcset=\"https:\/\/jedivorce.ca\/wp-content\/uploads\/2023\/03\/1676326808849-200x200.jpg 200w, https:\/\/jedivorce.ca\/wp-content\/uploads\/2023\/03\/1676326808849-400x400.jpg 400w, https:\/\/jedivorce.ca\/wp-content\/uploads\/2023\/03\/1676326808849-600x600.jpg 600w, https:\/\/jedivorce.ca\/wp-content\/uploads\/2023\/03\/1676326808849.jpg 723w\" data-sizes=\"auto\" data-orig-sizes=\"(max-width: 700px) 100vw, 400px\" \/><\/span><\/div><div class=\"fusion-title title fusion-title-5 fusion-sep-none fusion-title-text fusion-title-size-three\" style=\"--awb-text-color:var(--awb-color8);--awb-margin-top:0px;--awb-margin-bottom:5px;--awb-margin-top-small:10px;--awb-margin-right-small:0px;--awb-margin-bottom-small:10px;--awb-margin-left-small:0px;--awb-font-size:25px;\"><h3 class=\"fusion-title-heading title-heading-left\" style=\"margin:0;font-size:1em;\">Effie Vardatsikos, BA., MSW., t.s., A.F.M.<\/h3><\/div><div class=\"fusion-text fusion-text-4 fusion-text-no-margin\" style=\"--awb-content-alignment:left;--awb-font-size:16px;--awb-line-height:var(--awb-typography5-line-height);--awb-letter-spacing:var(--awb-typography5-letter-spacing);--awb-text-transform:var(--awb-typography5-text-transform);--awb-text-color:var(--awb-color4);--awb-margin-top:0px;--awb-margin-right:0px;--awb-margin-bottom:15px;--awb-margin-left:0px;--awb-text-font-family:var(--awb-typography5-font-family);--awb-text-font-weight:var(--awb-typography5-font-weight);--awb-text-font-style:var(--awb-typography5-font-style);\"><p>M\u00e9diatrice familiale accr\u00e9dit\u00e9e et travailleuse sociale clinicienne<\/p>\n<\/div><\/div><\/div><\/div><\/div><\/div><\/p>\n","protected":false},"excerpt":{"rendered":"","protected":false},"author":1,"featured_media":2352,"parent":0,"menu_order":0,"comment_status":"closed","ping_status":"closed","template":"100-width.php","meta":{"footnotes":""},"class_list":["post-2596","page","type-page","status-publish","has-post-thumbnail","hentry"],"yoast_head":"<!-- This site is optimized with the Yoast SEO plugin v27.6 - https:\/\/yoast.com\/product\/yoast-seo-wordpress\/ -->\n<title>\u00c9quipe - Jedivorce<\/title>\n<meta name=\"robots\" content=\"index, follow, max-snippet:-1, max-image-preview:large, max-video-preview:-1\" \/>\n<link rel=\"canonical\" href=\"https:\/\/jedivorce.ca\/fr\/equipe\/\" \/>\n<meta property=\"og:locale\" content=\"fr_FR\" \/>\n<meta property=\"og:type\" content=\"article\" \/>\n<meta property=\"og:title\" content=\"\u00c9quipe - Jedivorce\" \/>\n<meta property=\"og:url\" content=\"https:\/\/jedivorce.ca\/fr\/equipe\/\" \/>\n<meta property=\"og:site_name\" content=\"Jedivorce\" \/>\n<meta property=\"article:modified_time\" content=\"2025-04-16T14:23:52+00:00\" \/>\n<meta property=\"og:image\" content=\"https:\/\/jedivorce.ca\/wp-content\/uploads\/2023\/03\/hero2.jpg\" \/>\n\t<meta property=\"og:image:width\" content=\"1920\" \/>\n\t<meta property=\"og:image:height\" content=\"1060\" \/>\n\t<meta property=\"og:image:type\" content=\"image\/jpeg\" \/>\n<meta name=\"twitter:card\" content=\"summary_large_image\" \/>\n<meta name=\"twitter:label1\" content=\"Dur\u00e9e de lecture estim\u00e9e\" \/>\n\t<meta name=\"twitter:data1\" content=\"3 minutes\" \/>\n<script type=\"application\/ld+json\" class=\"yoast-schema-graph\">{\"@context\":\"https:\\\/\\\/schema.org\",\"@graph\":[{\"@type\":\"WebPage\",\"@id\":\"https:\\\/\\\/jedivorce.ca\\\/fr\\\/equipe\\\/\",\"url\":\"https:\\\/\\\/jedivorce.ca\\\/fr\\\/equipe\\\/\",\"name\":\"\u00c9quipe - Jedivorce\",\"isPartOf\":{\"@id\":\"https:\\\/\\\/jedivorce.ca\\\/fr\\\/#website\"},\"primaryImageOfPage\":{\"@id\":\"https:\\\/\\\/jedivorce.ca\\\/fr\\\/equipe\\\/#primaryimage\"},\"image\":{\"@id\":\"https:\\\/\\\/jedivorce.ca\\\/fr\\\/equipe\\\/#primaryimage\"},\"thumbnailUrl\":\"https:\\\/\\\/jedivorce.ca\\\/wp-content\\\/uploads\\\/2023\\\/03\\\/hero2.jpg\",\"datePublished\":\"2023-02-26T23:37:09+00:00\",\"dateModified\":\"2025-04-16T14:23:52+00:00\",\"breadcrumb\":{\"@id\":\"https:\\\/\\\/jedivorce.ca\\\/fr\\\/equipe\\\/#breadcrumb\"},\"inLanguage\":\"fr-FR\",\"potentialAction\":[{\"@type\":\"ReadAction\",\"target\":[\"https:\\\/\\\/jedivorce.ca\\\/fr\\\/equipe\\\/\"]}]},{\"@type\":\"ImageObject\",\"inLanguage\":\"fr-FR\",\"@id\":\"https:\\\/\\\/jedivorce.ca\\\/fr\\\/equipe\\\/#primaryimage\",\"url\":\"https:\\\/\\\/jedivorce.ca\\\/wp-content\\\/uploads\\\/2023\\\/03\\\/hero2.jpg\",\"contentUrl\":\"https:\\\/\\\/jedivorce.ca\\\/wp-content\\\/uploads\\\/2023\\\/03\\\/hero2.jpg\",\"width\":1920,\"height\":1060,\"caption\":\"Amicable Divorce\"},{\"@type\":\"BreadcrumbList\",\"@id\":\"https:\\\/\\\/jedivorce.ca\\\/fr\\\/equipe\\\/#breadcrumb\",\"itemListElement\":[{\"@type\":\"ListItem\",\"position\":1,\"name\":\"Home\",\"item\":\"https:\\\/\\\/jedivorce.ca\\\/fr\\\/\"},{\"@type\":\"ListItem\",\"position\":2,\"name\":\"\u00c9quipe\"}]},{\"@type\":\"WebSite\",\"@id\":\"https:\\\/\\\/jedivorce.ca\\\/fr\\\/#website\",\"url\":\"https:\\\/\\\/jedivorce.ca\\\/fr\\\/\",\"name\":\"Jedivorce\",\"description\":\"Just another WordPress site\",\"potentialAction\":[{\"@type\":\"SearchAction\",\"target\":{\"@type\":\"EntryPoint\",\"urlTemplate\":\"https:\\\/\\\/jedivorce.ca\\\/fr\\\/?s={search_term_string}\"},\"query-input\":{\"@type\":\"PropertyValueSpecification\",\"valueRequired\":true,\"valueName\":\"search_term_string\"}}],\"inLanguage\":\"fr-FR\"}]}<\/script>\n<!-- \/ Yoast SEO plugin. -->","yoast_head_json":{"title":"\u00c9quipe - Jedivorce","robots":{"index":"index","follow":"follow","max-snippet":"max-snippet:-1","max-image-preview":"max-image-preview:large","max-video-preview":"max-video-preview:-1"},"canonical":"https:\/\/jedivorce.ca\/fr\/equipe\/","og_locale":"fr_FR","og_type":"article","og_title":"\u00c9quipe - Jedivorce","og_url":"https:\/\/jedivorce.ca\/fr\/equipe\/","og_site_name":"Jedivorce","article_modified_time":"2025-04-16T14:23:52+00:00","og_image":[{"width":1920,"height":1060,"url":"https:\/\/jedivorce.ca\/wp-content\/uploads\/2023\/03\/hero2.jpg","type":"image\/jpeg"}],"twitter_card":"summary_large_image","twitter_misc":{"Dur\u00e9e de lecture estim\u00e9e":"3 minutes"},"schema":{"@context":"https:\/\/schema.org","@graph":[{"@type":"WebPage","@id":"https:\/\/jedivorce.ca\/fr\/equipe\/","url":"https:\/\/jedivorce.ca\/fr\/equipe\/","name":"\u00c9quipe - Jedivorce","isPartOf":{"@id":"https:\/\/jedivorce.ca\/fr\/#website"},"primaryImageOfPage":{"@id":"https:\/\/jedivorce.ca\/fr\/equipe\/#primaryimage"},"image":{"@id":"https:\/\/jedivorce.ca\/fr\/equipe\/#primaryimage"},"thumbnailUrl":"https:\/\/jedivorce.ca\/wp-content\/uploads\/2023\/03\/hero2.jpg","datePublished":"2023-02-26T23:37:09+00:00","dateModified":"2025-04-16T14:23:52+00:00","breadcrumb":{"@id":"https:\/\/jedivorce.ca\/fr\/equipe\/#breadcrumb"},"inLanguage":"fr-FR","potentialAction":[{"@type":"ReadAction","target":["https:\/\/jedivorce.ca\/fr\/equipe\/"]}]},{"@type":"ImageObject","inLanguage":"fr-FR","@id":"https:\/\/jedivorce.ca\/fr\/equipe\/#primaryimage","url":"https:\/\/jedivorce.ca\/wp-content\/uploads\/2023\/03\/hero2.jpg","contentUrl":"https:\/\/jedivorce.ca\/wp-content\/uploads\/2023\/03\/hero2.jpg","width":1920,"height":1060,"caption":"Amicable Divorce"},{"@type":"BreadcrumbList","@id":"https:\/\/jedivorce.ca\/fr\/equipe\/#breadcrumb","itemListElement":[{"@type":"ListItem","position":1,"name":"Home","item":"https:\/\/jedivorce.ca\/fr\/"},{"@type":"ListItem","position":2,"name":"\u00c9quipe"}]},{"@type":"WebSite","@id":"https:\/\/jedivorce.ca\/fr\/#website","url":"https:\/\/jedivorce.ca\/fr\/","name":"Jedivorce","description":"Just another WordPress site","potentialAction":[{"@type":"SearchAction","target":{"@type":"EntryPoint","urlTemplate":"https:\/\/jedivorce.ca\/fr\/?s={search_term_string}"},"query-input":{"@type":"PropertyValueSpecification","valueRequired":true,"valueName":"search_term_string"}}],"inLanguage":"fr-FR"}]}},"_links":{"self":[{"href":"https:\/\/jedivorce.ca\/fr\/wp-json\/wp\/v2\/pages\/2596","targetHints":{"allow":["GET"]}}],"collection":[{"href":"https:\/\/jedivorce.ca\/fr\/wp-json\/wp\/v2\/pages"}],"about":[{"href":"https:\/\/jedivorce.ca\/fr\/wp-json\/wp\/v2\/types\/page"}],"author":[{"embeddable":true,"href":"https:\/\/jedivorce.ca\/fr\/wp-json\/wp\/v2\/users\/1"}],"replies":[{"embeddable":true,"href":"https:\/\/jedivorce.ca\/fr\/wp-json\/wp\/v2\/comments?post=2596"}],"version-history":[{"count":0,"href":"https:\/\/jedivorce.ca\/fr\/wp-json\/wp\/v2\/pages\/2596\/revisions"}],"wp:featuredmedia":[{"embeddable":true,"href":"https:\/\/jedivorce.ca\/fr\/wp-json\/wp\/v2\/media\/2352"}],"wp:attachment":[{"href":"https:\/\/jedivorce.ca\/fr\/wp-json\/wp\/v2\/media?parent=2596"}],"curies":[{"name":"wp","href":"https:\/\/api.w.org\/{rel}","templated":true}]}}